{"id":863,"date":"2024-03-06T19:00:49","date_gmt":"2024-03-06T18:00:49","guid":{"rendered":"https:\/\/celinecristini.com\/?page_id=863"},"modified":"2024-03-07T11:19:11","modified_gmt":"2024-03-07T10:19:11","slug":"mentions-legales","status":"publish","type":"page","link":"https:\/\/www.celinecristini.com\/index.php\/mentions-legales\/","title":{"rendered":"MENTIONS L\u00c9GALES"},"content":{"rendered":"\n<p><em>En vigueur au 06\/03\/2024<\/em><\/p>\n\n\n\n<h1 class=\"wp-block-heading\">MENTIONS L\u00c9GALES<\/h1>\n\n\n\n<p><a href=\"https:\/\/celinecristini.com\/\">https:\/\/www.celinecristini.com\/<\/a><br>Site \u00e9dit\u00e9 par<\/p>\n\n\n\n<p><strong>C\u00c9LINE CRISTINI<\/strong><br>Formatrice Consultante en micro-entreprise<br>Si\u00e8ge social : 6 all\u00e9e de Castillon 93390 Clichy-sous-Bois<br>Enregistr\u00e9e \u00e0 l&rsquo;INSEE sous le n\u00b0 SIREN 878 143 551<\/p>\n\n\n\n<hr class=\"wp-block-separator has-alpha-channel-opacity\"\/>\n\n\n\n<p>Directrice de publication\u00a0:\u00a0C\u00e9line CRISTINI<br>Responsable \u00e9ditoriale\u00a0:\u00a0C\u00e9line CRISTINI<br>Responsable du site\u00a0: Elodie VINCE<\/p>\n\n\n\n<hr class=\"wp-block-separator has-alpha-channel-opacity\"\/>\n\n\n\n<h2 class=\"wp-block-heading\">CREDITS<\/h2>\n\n\n\n<p><strong>Conception et r\u00e9alisation\u00a0<\/strong>: Elodie VINCE Communication<br><strong>Cr\u00e9dit photos\u00a0<\/strong>: C\u00e9line Cristini, Freepik<br><strong>H\u00e9bergeur du site :<\/strong>\u00a0OVH<\/p>\n\n\n\n<h2 class=\"wp-block-heading\">DROIT D\u2019AUTEUR \u2013 COPYRIGHT<\/h2>\n\n\n\n<p>Le pr\u00e9sent site constitue une \u0153uvre prot\u00e9g\u00e9e par le droit d\u2019auteur au sens de l\u2019article L.111-1 et suivants du Code la propri\u00e9t\u00e9 intellectuelle.<\/p>\n\n\n\n<h3 class=\"wp-block-heading\">LOGOS, MARQUES ET SIGLES<\/h3>\n\n\n\n<p>Tous les logos, marques ou sigles pr\u00e9sents dans le site sont prot\u00e9g\u00e9s par le code de la propri\u00e9t\u00e9 intellectuelle et ne peuvent \u00eatre d\u00e9tach\u00e9s du contenu du site sans autorisation pr\u00e9alable. Aucun des logos, marques ou sigles de figurant sur le site ne peuvent \u00eatre modifi\u00e9s, transform\u00e9s ou alt\u00e9r\u00e9s (proportions, couleurs, \u00e9l\u00e9ments, constituants).<\/p>\n\n\n\n<p>Ces logos, marques ou sigles ne peuvent \u00eatre utilis\u00e9s et\/ou associ\u00e9s qu\u2019aux seules fins d\u2019informations, et ne pourront apparaitre dans des sites \u00e0 caract\u00e8re pol\u00e9mique, pornographique, x\u00e9nophobe ou pouvant porter atteinte dans un sens large \u00e0 l\u2019image des ayants droits du site&nbsp;<a href=\"https:\/\/celinecristini.com\/\">https:\/\/www.celinecristini.com\/<\/a><\/p>\n\n\n\n<h3 class=\"wp-block-heading\">REPRODUCTION SUR SUPPORT PAPIER<\/h3>\n\n\n\n<p>La reproduction des pages de ce site sur support papier est autoris\u00e9e, sous les conditions d\u2019utilisations cumul\u00e9es suivantes&nbsp;:<\/p>\n\n\n\n<p>gratuit\u00e9 de la diffusion,<br>int\u00e9grit\u00e9 des documents reproduits respect\u00e9e<br>le nom du site\u00a0<a href=\"https:\/\/celinecristini.com\/\">https:\/\/www.celinecristini.com\/<\/a>\u00a0doit appara\u00eetre sur la reproduction \u00e9mise.<\/p>\n\n\n\n<h3 class=\"wp-block-heading\">REPRODUCTION SUR SUPPORT \u00c9LECTRONIQUE<\/h3>\n\n\n\n<p>Ayant un but informationnel, la reproduction de tout ou partie de ce site sur un support \u00e9lectronique est prohib\u00e9e.<\/p>\n\n\n\n<h3 class=\"wp-block-heading\">CR\u00c9ATION DE LIEN VERS&nbsp;<a href=\"https:\/\/celinecristini.com\/\">https:\/\/www.celinecristini.com\/<\/a><\/h3>\n\n\n\n<p>La cr\u00e9ation de lien vers ce site (r\u00e9f\u00e9rencement hypertexte\u2026) est autoris\u00e9e sous r\u00e9serve&nbsp;:<\/p>\n\n\n\n<p>de ne pas utiliser la technique du \u00ab\u00a0lien profond\u00a0\u00bb (\u00ab\u00a0deep linking\u00a0\u00bb), c\u2019est-\u00e0-dire que les pages du site ne doivent pas apparaitre en surimpression ou int\u00e9grer aux pages d\u2019un autre site. Le lien vers le site de\u00a0<a href=\"https:\/\/celinecristini.com\/\">https:\/\/www.celinecristini.com\/<\/a>\u00a0doit amener \u00e0 l\u2019ouverture d\u2019une nouvelle fen\u00eatre qui lui sera d\u00e9di\u00e9e ind\u00e9pendamment,<br>de ne pas \u00eatre r\u00e9f\u00e9renc\u00e9 sur tous sites \u00e0 caract\u00e8re pol\u00e9mique, pornographique, x\u00e9nophobe ou pouvant porter atteinte dans un sens large \u00e0 l\u2019image\u00a0de l\u2019\u00a0ou de ses ayants-droits.<\/p>\n\n\n\n<h2 class=\"wp-block-heading\">PORTEE DU CONTENU \u2013 EXCLUSION DE GARANTIE<\/h2>\n\n\n\n<p>Par ce site, C\u00e9line Cristini&nbsp;et ses ayants-droits souhaitent permettre une mise en ligne d\u2019informations g\u00e9n\u00e9rales sur leurs services. Ainsi, toutes les informations pr\u00e9sentes sur le site ne sauraient engager la responsabilit\u00e9 des ayants-droits.<\/p>\n\n\n\n<p>Le site fut \u00e9labor\u00e9 avec s\u00e9rieux, cependant les ayants-droits ne pourront \u00eatre tenus pour responsable d\u2019\u00e9ventuelles erreurs ou oublis d\u2019informations accessibles. De m\u00eame, les ayants-droits ne peuvent assurer l\u2019absence de virus ou de tout autre \u00e9l\u00e9ment pouvant entrainer le dysfonctionnement ou le dommage des liens et logiciels par la navigation ou le t\u00e9l\u00e9chargement d\u2019\u00e9ventuels \u00e9l\u00e9ments sur ce site.<\/p>\n\n\n\n<p>Ce site&nbsp;est ind\u00e9pendant de tout autre site ou des ressources de l\u2019Internet avec lesquels il est li\u00e9 par hyperlien ou par tout autre proc\u00e9d\u00e9 technique. De ce fait, la responsabilit\u00e9&nbsp;de C\u00e9line Cristini ne pourra \u00eatre engag\u00e9e sur ce terrain.<\/p>\n\n\n\n<p>Les utilisateurs de ce site sont tenus, selon la r\u00e9glementation en vigueur, de s\u2019abstenir de toute utilisation illicite, diffamatoire et\/ou malveillante, de toute entrave ou tentative dans ce but du bon fonctionnement et de l\u2019int\u00e9grit\u00e9 du site (toute introduction frauduleuse de donn\u00e9es, la suppression ou la modification de toutes donn\u00e9es sont interdites, et feront l\u2019objet \u00e9ventuel de recours en justice)<\/p>\n\n\n\n<p>Les messages ou toutes autres informations envoy\u00e9s au site sont susceptibles d\u2019\u00eatre intercept\u00e9s par un tiers dont C\u00e9line Cristini&nbsp;se d\u00e9charge de toute responsabilit\u00e9. Pour nous transmettre un message dans les meilleures conditions de s\u00e9curit\u00e9, nous vous invitons \u00e0 le faire par voie postale.<\/p>\n\n\n\n<hr class=\"wp-block-separator has-alpha-channel-opacity\"\/>\n\n\n\n<p>C\u00e9line Cristini d\u00e9cline&nbsp;toute responsabilit\u00e9 en cas de difficult\u00e9 d\u2019acc\u00e8s \u00e0 son site ou d\u2019interruptions dans la connexion.<\/p>\n\n\n\n<p>En cas d\u2019omission, d\u2019erreur ou d\u2019inexactitude nous invitons l\u2019utilisateur \u00e0 contacter notre webmaster par courriel \u00e0 l\u2019adresse suivante&nbsp;:&nbsp;elodie.vince.communication@gmail.com<\/p>\n\n\n\n<p>En navigant sur ce site ou l\u2019une de ses pages, l\u2019utilisateur reconnait avoir eu la possibilit\u00e9 de prendre connaissance et adh\u00e9rer aux pr\u00e9cisions \u00e9nonc\u00e9es ci-dessus.<\/p>\n\n\n\n<p>\u00a9 2024 \u2013 Tous droits r\u00e9serv\u00e9s \u2013&nbsp;<a href=\"https:\/\/celinecristini.com\/\">https:\/\/www.celinecristini.com\/<\/a><\/p>\n","protected":false},"excerpt":{"rendered":"<p>En vigueur au 06\/03\/2024 MENTIONS L\u00c9GALES https:\/\/www.celinecristini.com\/Site \u00e9dit\u00e9 par C\u00c9LINE CRISTINIFormatrice Consultante en micro-entrepriseSi\u00e8ge social : 6 all\u00e9e de Castillon 93390 Clichy-sous-BoisEnregistr\u00e9e \u00e0 l&rsquo;INSEE sous le n\u00b0 SIREN 878 143 551 Directrice de publication\u00a0:\u00a0C\u00e9line CRISTINIResponsable \u00e9ditoriale\u00a0:\u00a0C\u00e9line CRISTINIResponsable du site\u00a0: Elodie<\/p>\n","protected":false},"author":1,"featured_media":234,"parent":0,"menu_order":0,"comment_status":"closed","ping_status":"open","template":"","meta":{"footnotes":""},"class_list":["post-863","page","type-page","status-publish","has-post-thumbnail","hentry"],"_links":{"self":[{"href":"https:\/\/www.celinecristini.com\/index.php\/wp-json\/wp\/v2\/pages\/863","targetHints":{"allow":["GET"]}}],"collection":[{"href":"https:\/\/www.celinecristini.com\/index.php\/wp-json\/wp\/v2\/pages"}],"about":[{"href":"https:\/\/www.celinecristini.com\/index.php\/wp-json\/wp\/v2\/types\/page"}],"author":[{"embeddable":true,"href":"https:\/\/www.celinecristini.com\/index.php\/wp-json\/wp\/v2\/users\/1"}],"replies":[{"embeddable":true,"href":"https:\/\/www.celinecristini.com\/index.php\/wp-json\/wp\/v2\/comments?post=863"}],"version-history":[{"count":2,"href":"https:\/\/www.celinecristini.com\/index.php\/wp-json\/wp\/v2\/pages\/863\/revisions"}],"predecessor-version":[{"id":871,"href":"https:\/\/www.celinecristini.com\/index.php\/wp-json\/wp\/v2\/pages\/863\/revisions\/871"}],"wp:featuredmedia":[{"embeddable":true,"href":"https:\/\/www.celinecristini.com\/index.php\/wp-json\/wp\/v2\/media\/234"}],"wp:attachment":[{"href":"https:\/\/www.celinecristini.com\/index.php\/wp-json\/wp\/v2\/media?parent=863"}],"curies":[{"name":"wp","href":"https:\/\/api.w.org\/{rel}","templated":true}]}}